{"id":37,"date":"2019-10-07T21:31:32","date_gmt":"2019-10-07T19:31:32","guid":{"rendered":"http:\/\/serwer1610379.home.pl\/autoinstalator\/wordpressplugins\/?page_id=37"},"modified":"2026-01-08T09:42:45","modified_gmt":"2026-01-08T08:42:45","slug":"kontakt","status":"publish","type":"page","link":"http:\/\/aps-team.com\/index.php\/kontakt\/","title":{"rendered":"Kontakt"},"content":{"rendered":"\n<p><strong>Adres:&nbsp;<\/strong>ul. W\u0142adys\u0142awa \u017bele\u0144skiego 51C\/4<br>31-353 Krak\u00f3w<br>NIP: 6771752623<\/p>\n\n\n\n<p><strong>Email:&nbsp;<\/strong><a href=\"mailto:aps@aps-team.com\">aps@aps-team.com<\/a><\/p>\n\n\n\n<p><strong>Telefon:&nbsp;<\/strong>+48 509 297 436<\/p>\n\n\n\n<p><strong>Faks:&nbsp;<\/strong>+48 12 378 33 04<\/p>\n\n\n\n<p><strong>Website:&nbsp;<\/strong><a href=\"http:\/\/www.aps-team.com\/\" target=\"_blank\" rel=\"noreferrer noopener\">http:\/\/www.aps-team.com<\/a><\/p>\n\n\n\n<p><\/p>\n","protected":false},"excerpt":{"rendered":"<p>Adres:&nbsp;ul. W\u0142adys\u0142awa \u017bele\u0144skiego 51C\/431-353 Krak\u00f3wNIP: 6771752623 Email:&nbsp;aps@aps-team.com Telefon:&nbsp;+48 509 297 436 Faks:&nbsp;+48 12 378 33 04 Website:&nbsp;http:\/\/www.aps-team.com<\/p>\n","protected":false},"author":1,"featured_media":0,"parent":0,"menu_order":0,"comment_status":"closed","ping_status":"closed","template":"","meta":{"saved_in_kubio":true,"footnotes":""},"class_list":["post-37","page","type-page","status-publish","hentry"],"kubio_ai_page_context":{"short_desc":"","purpose":"general"},"jetpack_sharing_enabled":true,"_links":{"self":[{"href":"http:\/\/aps-team.com\/index.php\/wp-json\/wp\/v2\/pages\/37","targetHints":{"allow":["GET"]}}],"collection":[{"href":"http:\/\/aps-team.com\/index.php\/wp-json\/wp\/v2\/pages"}],"about":[{"href":"http:\/\/aps-team.com\/index.php\/wp-json\/wp\/v2\/types\/page"}],"author":[{"embeddable":true,"href":"http:\/\/aps-team.com\/index.php\/wp-json\/wp\/v2\/users\/1"}],"replies":[{"embeddable":true,"href":"http:\/\/aps-team.com\/index.php\/wp-json\/wp\/v2\/comments?post=37"}],"version-history":[{"count":7,"href":"http:\/\/aps-team.com\/index.php\/wp-json\/wp\/v2\/pages\/37\/revisions"}],"predecessor-version":[{"id":1264,"href":"http:\/\/aps-team.com\/index.php\/wp-json\/wp\/v2\/pages\/37\/revisions\/1264"}],"wp:attachment":[{"href":"http:\/\/aps-team.com\/index.php\/wp-json\/wp\/v2\/media?parent=37"}],"curies":[{"name":"wp","href":"https:\/\/api.w.org\/{rel}","templated":true}]}}